{"id":6247,"date":"2023-05-03T15:57:23","date_gmt":"2023-05-03T12:57:23","guid":{"rendered":"https:\/\/atiragrup.com\/%d8%a7%d8%aa%d8%b5%d9%84-%d8%a8%d9%86%d8%a7\/"},"modified":"2026-04-22T17:26:49","modified_gmt":"2026-04-22T14:26:49","slug":"%d8%a7%d8%aa%d8%b5%d9%84-%d8%a8%d9%86%d8%a7","status":"publish","type":"page","link":"https:\/\/atiragrup.com\/ar\/%d8%a7%d8%aa%d8%b5%d9%84-%d8%a8%d9%86%d8%a7\/","title":{"rendered":"\u0627\u062a\u0635\u0644 \u0628\u0646\u0627"},"content":{"rendered":"\n<div class=\"wp-block-cover\"><img loading=\"lazy\" decoding=\"async\" width=\"1200\" height=\"720\" class=\"wp-block-cover__image-background wp-image-300\" alt=\"\" src=\"https:\/\/atiragrup.com\/wp-content\/uploads\/atira-space-bg21.jpg\" data-object-fit=\"cover\" srcset=\"https:\/\/atiragrup.com\/wp-content\/uploads\/atira-space-bg21.jpg 1200w, https:\/\/atiragrup.com\/wp-content\/uploads\/atira-space-bg21-300x180.jpg 300w, https:\/\/atiragrup.com\/wp-content\/uploads\/atira-space-bg21-1024x614.jpg 1024w, https:\/\/atiragrup.com\/wp-content\/uploads\/atira-space-bg21-768x461.jpg 768w\" sizes=\"auto, (max-width: 1200px) 100vw, 1200px\" \/><span aria-hidden=\"true\" class=\"wp-block-cover__background has-background-dim\" style=\"background-color:#463480\"><\/span><div class=\"wp-block-cover__inner-container is-layout-constrained wp-block-cover-is-layout-constrained\">\n<div class=\"wp-block-columns are-vertically-aligned-center is-layout-flex wp-container-core-columns-is-layout-9d6595d7 wp-block-columns-is-layout-flex\">\n<div class=\"wp-block-column is-vertically-aligned-center is-layout-flow wp-block-column-is-layout-flow\">\n<h2 class=\"wp-block-heading\">\u0644\u0646\u0639\u0645\u0644 \u0645\u0639\u064b\u0627 \u0645\u0646 \u0623\u062c\u0644 \u0627\u0644\u0646\u062c\u0627\u062d<\/h2>\n\n\n\n<p class=\"has-medium-font-size\">\u064a\u062a\u0623\u0644\u0641 \u0641\u0631\u064a\u0642\u0646\u0627 \u0645\u0646 \u0645\u062d\u062a\u0631\u0641\u064a\u0646 \u0630\u0648\u064a \u0645\u0647\u0627\u0631\u0627\u062a \u0639\u0627\u0644\u064a\u0629 \u0641\u064a \u062a\u0635\u0645\u064a\u0645 \u0627\u0644\u0645\u0648\u0627\u0642\u0639 \u0627\u0644\u0625\u0644\u0643\u062a\u0631\u0648\u0646\u064a\u0629 \u0648\u0627\u0644\u062a\u0633\u0648\u064a\u0642 \u0627\u0644\u0631\u0642\u0645\u064a \u0645\u0639 \u062e\u0628\u0631\u0629 \u0648\u0627\u0633\u0639\u0629.<\/p>\n\n\n\n<p class=\"has-medium-font-size\">\u0646\u062d\u0646 \u0645\u0644\u062a\u0632\u0645\u0648\u0646 \u0628\u0627\u0644\u0639\u0645\u0644 \u0645\u0639\u0643 \u0628\u0634\u0643\u0644 \u062a\u0639\u0627\u0648\u0646\u064a \u0644\u062a\u062d\u062f\u064a\u062f \u0648\u062a\u0646\u0641\u064a\u0630 \u0627\u0644\u062d\u0644\u0648\u0644 \u0627\u0644\u0641\u0639\u0627\u0644\u0629 \u0627\u0644\u062a\u064a \u0633\u062a\u0639\u0632\u0632 \u0631\u0628\u062d\u064a\u0629 \u0639\u0645\u0644\u0643 \u0628\u0634\u0643\u0644 \u0643\u0628\u064a\u0631.<\/p>\n<\/div>\n\n\n\n<div class=\"wp-block-column is-vertically-aligned-center is-layout-flow wp-block-column-is-layout-flow\">\n<figure class=\"wp-block-image size-full floating\"><img loading=\"lazy\" decoding=\"async\" width=\"414\" height=\"416\" src=\"https:\/\/atiragrup.com\/wp-content\/uploads\/2023\/03\/atira-grup-space.png\" alt=\"\" class=\"wp-image-157\" srcset=\"https:\/\/atiragrup.com\/wp-content\/uploads\/2023\/03\/atira-grup-space.png 414w, https:\/\/atiragrup.com\/wp-content\/uploads\/2023\/03\/atira-grup-space-300x300.png 300w, https:\/\/atiragrup.com\/wp-content\/uploads\/2023\/03\/atira-grup-space-150x150.png 150w\" sizes=\"auto, (max-width: 414px) 100vw, 414px\" \/><\/figure>\n<\/div>\n<\/div>\n<\/div><\/div>\n\n<div class=\"wp-block-columns are-vertically-aligned-top has-background is-layout-flex wp-container-core-columns-is-layout-9d6595d7 wp-block-columns-is-layout-flex\" style=\"background-color:#f2efef\">\n<div class=\"wp-block-column is-vertically-aligned-top is-layout-flow wp-block-column-is-layout-flow\">\n<p>\u0645\u0627 \u0639\u0644\u064a\u0643 \u0633\u0648\u0649 \u0645\u0644\u0621 \u0647\u0630\u0627 \u0627\u0644\u0646\u0645\u0648\u0630\u062c\u060c \u0648\u0633\u064a\u062a\u0648\u0627\u0635\u0644 \u0645\u0639\u0643 \u0623\u062d\u062f \u0645\u0645\u062b\u0644\u064a\u0646\u0627 \u0641\u064a \u0623\u0642\u0631\u0628 \u0648\u0642\u062a \u0645\u0645\u0643\u0646!<\/p>\n\n\n\n<iframe data-form-title=\"Contact Form En\" height=\"500\" style=\"border: none; width: 100%\" src=\"https:\/\/app.atiraspace.com\/api\/form\/69e63b6f588c4bb4d32115d1\/generate\"><\/iframe>\n<\/div>\n\n\n\n<div class=\"wp-block-column is-vertically-aligned-top is-layout-flow wp-block-column-is-layout-flow\">\n<figure class=\"wp-block-image size-full\"><img loading=\"lazy\" decoding=\"async\" width=\"300\" height=\"126\" src=\"https:\/\/atiragrup.com\/wp-content\/uploads\/atira-grup-logo-1.png\" alt=\"\" class=\"wp-image-277\"\/><\/figure>\n\n\n\n<p class=\"has-text-color has-link-color has-medium-font-size wp-elements-942f5880b5ac803b49063ec37b78f0b7\" style=\"color:#500894\"><strong>AT\u0130RA GRUP B\u0130L\u0130\u015e\u0130M VE TEKNOLOJ\u0130 L\u0130M\u0130TED \u015e\u0130RKET\u0130<\/strong><\/p>\n\n\n\n<h3 class=\"wp-block-heading\">\u0633\u0627\u0639\u0627\u062a \u0627\u0644\u0639\u0645\u0644:<\/h3>\n\n\n\n<p>\u0645\u0646 \u0627\u0644\u0633\u0627\u0639\u0629 10 \u0635\u0628\u0627\u062d\u064b\u0627 \u062d\u062a\u0649 6 \u0645\u0633\u0627\u0621\u064b \u0645\u0646 \u0627\u0644\u0627\u062b\u0646\u064a\u0646 \u0625\u0644\u0649 \u0627\u0644\u062c\u0645\u0639\u0629<\/p>\n\n\n\n<p>\u0645\u0646 \u0627\u0644\u0633\u0627\u0639\u0629 10 \u0635\u0628\u0627\u062d\u064b\u0627 \u062d\u062a\u0649 3 \u0645\u0633\u0627\u0621\u064b \u064a\u0648\u0645 \u0627\u0644\u0633\u0628\u062a<\/p>\n<\/div>\n<\/div>\n\n<div class=\"wp-block-columns are-vertically-aligned-center has-white-background-color has-background is-layout-flex wp-container-core-columns-is-layout-9d6595d7 wp-block-columns-is-layout-flex\">\n<div class=\"wp-block-column is-vertically-aligned-center is-layout-flow wp-block-column-is-layout-flow\">\n<figure class=\"wp-block-image size-large\"><img loading=\"lazy\" decoding=\"async\" width=\"1024\" height=\"1024\" src=\"https:\/\/atiragrup.com\/wp-content\/uploads\/Contact-Atira-inside-1024x1024.jpg\" alt=\"\" class=\"wp-image-5061\" srcset=\"https:\/\/atiragrup.com\/wp-content\/uploads\/Contact-Atira-inside-1024x1024.jpg 1024w, https:\/\/atiragrup.com\/wp-content\/uploads\/Contact-Atira-inside-300x300.jpg 300w, https:\/\/atiragrup.com\/wp-content\/uploads\/Contact-Atira-inside-150x150.jpg 150w, https:\/\/atiragrup.com\/wp-content\/uploads\/Contact-Atira-inside-768x768.jpg 768w, https:\/\/atiragrup.com\/wp-content\/uploads\/Contact-Atira-inside-600x600.jpg 600w, https:\/\/atiragrup.com\/wp-content\/uploads\/Contact-Atira-inside-100x100.jpg 100w, https:\/\/atiragrup.com\/wp-content\/uploads\/Contact-Atira-inside.jpg 1080w\" sizes=\"auto, (max-width: 1024px) 100vw, 1024px\" \/><\/figure>\n<\/div>\n\n\n\n<div class=\"wp-block-column is-vertically-aligned-center is-layout-flow wp-block-column-is-layout-flow\">\n<p class=\"has-medium-font-size\">\u0646\u062d\u0646 \u0647\u0646\u0627 \u0644\u062f\u0639\u0645 \u0627\u0644\u0634\u0631\u0643\u0627\u062a \u0628\u062c\u0645\u064a\u0639 \u0623\u062d\u062c\u0627\u0645\u0647\u0627 \u0641\u064a \u0631\u062d\u0644\u062a\u0647\u0627 \u0646\u062d\u0648 \u0627\u0644\u062a\u062d\u0648\u0644 \u0627\u0644\u0631\u0642\u0645\u064a!<\/p>\n\n\n\n<p class=\"has-medium-font-size\">\u0645\u0646 \u062e\u0644\u0627\u0644 \u0627\u0644\u0627\u0633\u062a\u0641\u0627\u062f\u0629 \u0645\u0646 \u0645\u062c\u0645\u0648\u0639\u0629 \u0645\u0648\u0647\u0648\u0628\u0629 \u0645\u0646 \u0627\u0644\u0645\u062d\u062a\u0631\u0641\u064a\u0646\u060c \u0648\u0627\u0639\u062a\u0645\u0627\u062f \u0623\u062d\u062f\u062b \u0627\u0644\u062a\u0642\u0646\u064a\u0627\u062a\u060c \u0648\u062a\u062d\u0633\u064a\u0646 \u0627\u0644\u0637\u0631\u064a\u0642\u0629 \u0627\u0644\u062a\u064a \u062a\u0631\u062a\u0642\u064a \u0628\u0647\u0627 \u0627\u0644\u0635\u0646\u0627\u0639\u0627\u062a \u0628\u062d\u064a\u0627\u0629 \u0627\u0644\u0646\u0627\u0633\u060c \u0646\u0647\u062f\u0641 \u0625\u0644\u0649 \u062d\u0644 \u0627\u0644\u062a\u062d\u062f\u064a\u0627\u062a \u0627\u0644\u062a\u064a \u0644\u0645 \u064a\u062a\u0645\u0643\u0646 \u0627\u0644\u0622\u062e\u0631\u0648\u0646 \u0645\u0646 \u062d\u0644\u0647\u0627.<\/p>\n\n\n\n<p class=\"has-large-font-size\">\u0627\u062a\u0635\u0644 \u0628\u0646\u0627 \u0627\u0644\u064a\u0648\u0645 \u0648<\/p>\n\n\n\n<p class=\"has-medium-font-size\">\u0644\u0646\u062d\u0642\u0642 \u0627\u0644\u062a\u0642\u062f\u0645 \u0645\u0639\u064b\u0627!<\/p>\n\n\n\n<h2 class=\"wp-block-heading\">\u062a\u0631\u0643\u064a\u0627 &#8211; \u0625\u0633\u0637\u0646\u0628\u0648\u0644<\/h2>\n\n\n\n<p><a href=\"mailto:contact@atiragrup.com\" target=\"_blank\" rel=\"noreferrer noopener\">contact@atiragrup.com<\/a><\/p>\n\n\n\n<p><a href=\"tel:+905335589040\" data-type=\"tel\" data-id=\"tel:+905335589040\">+90 533 558 90 40<\/a><\/p>\n<\/div>\n<\/div>\n","protected":false},"excerpt":{"rendered":"<p>\u0646\u062d\u0646 \u0645\u0644\u062a\u0632\u0645\u0648\u0646 \u0628\u0627\u0644\u0639\u0645\u0644 \u0645\u0639\u0643 \u0628\u0634\u0643\u0644 \u062a\u0639\u0627\u0648\u0646\u064a \u0644\u062a\u062d\u062f\u064a\u062f \u0648\u062a\u0646\u0641\u064a\u0630 \u0627\u0644\u062d\u0644\u0648\u0644 \u0627\u0644\u0641\u0639\u0627\u0644\u0629 \u0627\u0644\u062a\u064a \u0633\u062a\u0639\u0632\u0632 \u0631\u0628\u062d\u064a\u0629 \u0639\u0645\u0644\u0643 \u0628\u0634\u0643\u0644 \u0643\u0628\u064a\u0631.<\/p>\n","protected":false},"author":1,"featured_media":6246,"parent":0,"menu_order":0,"comment_status":"closed","ping_status":"closed","template":"template-full-page.php","meta":{"_acf_changed":false,"footnotes":""},"class_list":["post-6247","page","type-page","status-publish","has-post-thumbnail","hentry"],"acf":[],"_hostinger_reach_plugin_has_subscription_block":false,"_hostinger_reach_plugin_is_elementor":false,"jetpack_sharing_enabled":true,"_links":{"self":[{"href":"https:\/\/atiragrup.com\/ar\/wp-json\/wp\/v2\/pages\/6247","targetHints":{"allow":["GET"]}}],"collection":[{"href":"https:\/\/atiragrup.com\/ar\/wp-json\/wp\/v2\/pages"}],"about":[{"href":"https:\/\/atiragrup.com\/ar\/wp-json\/wp\/v2\/types\/page"}],"author":[{"embeddable":true,"href":"https:\/\/atiragrup.com\/ar\/wp-json\/wp\/v2\/users\/1"}],"replies":[{"embeddable":true,"href":"https:\/\/atiragrup.com\/ar\/wp-json\/wp\/v2\/comments?post=6247"}],"version-history":[{"count":1,"href":"https:\/\/atiragrup.com\/ar\/wp-json\/wp\/v2\/pages\/6247\/revisions"}],"predecessor-version":[{"id":6250,"href":"https:\/\/atiragrup.com\/ar\/wp-json\/wp\/v2\/pages\/6247\/revisions\/6250"}],"wp:featuredmedia":[{"embeddable":true,"href":"https:\/\/atiragrup.com\/ar\/wp-json\/wp\/v2\/media\/6246"}],"wp:attachment":[{"href":"https:\/\/atiragrup.com\/ar\/wp-json\/wp\/v2\/media?parent=6247"}],"curies":[{"name":"wp","href":"https:\/\/api.w.org\/{rel}","templated":true}]}}